{"id":330,"date":"2026-03-23T19:02:43","date_gmt":"2026-03-23T18:02:43","guid":{"rendered":"https:\/\/midsa.es\/nueva\/odontologia-infantil\/"},"modified":"2026-04-13T21:33:46","modified_gmt":"2026-04-13T19:33:46","slug":"dentisterie-pediatrique","status":"publish","type":"page","link":"https:\/\/midsa.es\/fr\/odontologia-infantil\/","title":{"rendered":"dentisterie p\u00e9diatrique"},"content":{"rendered":"","protected":false},"excerpt":{"rendered":"","protected":false},"author":1,"featured_media":0,"parent":0,"menu_order":0,"comment_status":"closed","ping_status":"closed","template":"","meta":{"_acf_changed":false,"footnotes":""},"class_list":["post-330","page","type-page","status-publish","hentry"],"acf":[],"yoast_head":"<!-- This site is optimized with the Yoast SEO plugin v27.4 - https:\/\/yoast.com\/product\/yoast-seo-wordpress\/ -->\n<title>Odontolog\u00eda Infantil &#8212; En L&#039;Eixample, Valencia &#8212; MIDSA<\/title>\n<meta name=\"robots\" content=\"index, follow, max-snippet:-1, max-image-preview:large, max-video-preview:-1\" \/>\n<link rel=\"canonical\" href=\"https:\/\/midsa.es\/fr\/dentisterie-pediatrique\/\" \/>\n<meta property=\"og:locale\" content=\"fr_FR\" \/>\n<meta property=\"og:type\" content=\"article\" \/>\n<meta property=\"og:title\" content=\"Odontolog\u00eda Infantil &#8212; En L&#039;Eixample, Valencia &#8212; MIDSA\" \/>\n<meta property=\"og:url\" content=\"https:\/\/midsa.es\/fr\/dentisterie-pediatrique\/\" \/>\n<meta property=\"og:site_name\" content=\"MIDSA\" \/>\n<meta property=\"article:publisher\" content=\"https:\/\/www.facebook.com\/midsaodontologiavalencia\" \/>\n<meta property=\"article:modified_time\" content=\"2026-04-13T19:33:46+00:00\" \/>\n<meta property=\"og:image\" content=\"https:\/\/midsa.es\/wp-content\/uploads\/2026\/04\/logo-midsa-web.webp\" \/>\n\t<meta property=\"og:image:width\" content=\"1200\" \/>\n\t<meta property=\"og:image:height\" content=\"675\" \/>\n\t<meta property=\"og:image:type\" content=\"image\/webp\" \/>\n<meta name=\"twitter:card\" content=\"summary_large_image\" \/>\n<script type=\"application\/ld+json\" class=\"yoast-schema-graph\">{\"@context\":\"https:\\\/\\\/schema.org\",\"@graph\":[{\"@type\":\"WebPage\",\"@id\":\"https:\\\/\\\/midsa.es\\\/odontologia-infantil\\\/\",\"url\":\"https:\\\/\\\/midsa.es\\\/odontologia-infantil\\\/\",\"name\":\"Odontolog\u00eda Infantil &#8212; En L'Eixample, Valencia &#8212; MIDSA\",\"isPartOf\":{\"@id\":\"https:\\\/\\\/midsa.es\\\/#website\"},\"datePublished\":\"2026-03-23T18:02:43+00:00\",\"dateModified\":\"2026-04-13T19:33:46+00:00\",\"breadcrumb\":{\"@id\":\"https:\\\/\\\/midsa.es\\\/odontologia-infantil\\\/#breadcrumb\"},\"inLanguage\":\"fr-FR\",\"potentialAction\":[{\"@type\":\"ReadAction\",\"target\":[\"https:\\\/\\\/midsa.es\\\/odontologia-infantil\\\/\"]}]},{\"@type\":\"BreadcrumbList\",\"@id\":\"https:\\\/\\\/midsa.es\\\/odontologia-infantil\\\/#breadcrumb\",\"itemListElement\":[{\"@type\":\"ListItem\",\"position\":1,\"name\":\"Portada\",\"item\":\"https:\\\/\\\/midsa.es\\\/\"},{\"@type\":\"ListItem\",\"position\":2,\"name\":\"Odontolog\u00eda Infantil\"}]},{\"@type\":\"WebSite\",\"@id\":\"https:\\\/\\\/midsa.es\\\/#website\",\"url\":\"https:\\\/\\\/midsa.es\\\/\",\"name\":\"Midsa Odontolog\u00eda & Co\",\"description\":\"Somos MIDSA, Cl\u00ednica Dental en L&#039;Eixample, Valencia. Odontolog\u00eda avanzada con trato cercano en el coraz\u00f3n de Valencia.\",\"publisher\":{\"@id\":\"https:\\\/\\\/midsa.es\\\/#organization\"},\"alternateName\":\"Midsa Odontolog\u00eda\",\"potentialAction\":[{\"@type\":\"SearchAction\",\"target\":{\"@type\":\"EntryPoint\",\"urlTemplate\":\"https:\\\/\\\/midsa.es\\\/?s={search_term_string}\"},\"query-input\":{\"@type\":\"PropertyValueSpecification\",\"valueRequired\":true,\"valueName\":\"search_term_string\"}}],\"inLanguage\":\"fr-FR\"},{\"@type\":\"Organization\",\"@id\":\"https:\\\/\\\/midsa.es\\\/#organization\",\"name\":\"Midsa Odontolog\u00eda & Co\",\"alternateName\":\"Midsa Odontolog\u00eda\",\"url\":\"https:\\\/\\\/midsa.es\\\/\",\"logo\":{\"@type\":\"ImageObject\",\"inLanguage\":\"fr-FR\",\"@id\":\"https:\\\/\\\/midsa.es\\\/#\\\/schema\\\/logo\\\/image\\\/\",\"url\":\"https:\\\/\\\/midsa.es\\\/wp-content\\\/uploads\\\/2026\\\/03\\\/logo_midsa.png\",\"contentUrl\":\"https:\\\/\\\/midsa.es\\\/wp-content\\\/uploads\\\/2026\\\/03\\\/logo_midsa.png\",\"width\":1080,\"height\":361,\"caption\":\"Midsa Odontolog\u00eda & Co\"},\"image\":{\"@id\":\"https:\\\/\\\/midsa.es\\\/#\\\/schema\\\/logo\\\/image\\\/\"},\"sameAs\":[\"https:\\\/\\\/www.facebook.com\\\/midsaodontologiavalencia\",\"https:\\\/\\\/www.instagram.com\\\/midsaodontologia\\\/\"]}]}<\/script>\n<!-- \/ Yoast SEO plugin. -->","yoast_head_json":{"title":"Dentisterie p\u00e9diatrique \u2014 \u00c0 L&#039;Eixample, Valence \u2014 MIDSA","robots":{"index":"index","follow":"follow","max-snippet":"max-snippet:-1","max-image-preview":"max-image-preview:large","max-video-preview":"max-video-preview:-1"},"canonical":"https:\/\/midsa.es\/fr\/dentisterie-pediatrique\/","og_locale":"fr_FR","og_type":"article","og_title":"Odontolog\u00eda Infantil &#8212; En L'Eixample, Valencia &#8212; MIDSA","og_url":"https:\/\/midsa.es\/fr\/dentisterie-pediatrique\/","og_site_name":"MIDSA","article_publisher":"https:\/\/www.facebook.com\/midsaodontologiavalencia","article_modified_time":"2026-04-13T19:33:46+00:00","og_image":[{"width":1200,"height":675,"url":"https:\/\/midsa.es\/wp-content\/uploads\/2026\/04\/logo-midsa-web.webp","type":"image\/webp"}],"twitter_card":"summary_large_image","schema":{"@context":"https:\/\/schema.org","@graph":[{"@type":"WebPage","@id":"https:\/\/midsa.es\/odontologia-infantil\/","url":"https:\/\/midsa.es\/odontologia-infantil\/","name":"Dentisterie p\u00e9diatrique \u2014 \u00c0 L&#039;Eixample, Valence \u2014 MIDSA","isPartOf":{"@id":"https:\/\/midsa.es\/#website"},"datePublished":"2026-03-23T18:02:43+00:00","dateModified":"2026-04-13T19:33:46+00:00","breadcrumb":{"@id":"https:\/\/midsa.es\/odontologia-infantil\/#breadcrumb"},"inLanguage":"fr-FR","potentialAction":[{"@type":"ReadAction","target":["https:\/\/midsa.es\/odontologia-infantil\/"]}]},{"@type":"BreadcrumbList","@id":"https:\/\/midsa.es\/odontologia-infantil\/#breadcrumb","itemListElement":[{"@type":"ListItem","position":1,"name":"Portada","item":"https:\/\/midsa.es\/"},{"@type":"ListItem","position":2,"name":"Odontolog\u00eda Infantil"}]},{"@type":"WebSite","@id":"https:\/\/midsa.es\/#website","url":"https:\/\/midsa.es\/","name":"Midsa Dentistry &amp; Co","description":"Nous sommes MIDSA, une clinique dentaire situ\u00e9e dans le quartier de l&#039;Eixample \u00e0 Valence. Des soins dentaires de pointe et un accompagnement personnalis\u00e9 au c\u0153ur de Valence.","publisher":{"@id":"https:\/\/midsa.es\/#organization"},"alternateName":"Midsa Odontolog\u00eda","potentialAction":[{"@type":"SearchAction","target":{"@type":"EntryPoint","urlTemplate":"https:\/\/midsa.es\/?s={search_term_string}"},"query-input":{"@type":"PropertyValueSpecification","valueRequired":true,"valueName":"search_term_string"}}],"inLanguage":"fr-FR"},{"@type":"Organization","@id":"https:\/\/midsa.es\/#organization","name":"Midsa Dentistry &amp; Co","alternateName":"Midsa Odontolog\u00eda","url":"https:\/\/midsa.es\/","logo":{"@type":"ImageObject","inLanguage":"fr-FR","@id":"https:\/\/midsa.es\/#\/schema\/logo\/image\/","url":"https:\/\/midsa.es\/wp-content\/uploads\/2026\/03\/logo_midsa.png","contentUrl":"https:\/\/midsa.es\/wp-content\/uploads\/2026\/03\/logo_midsa.png","width":1080,"height":361,"caption":"Midsa Odontolog\u00eda & Co"},"image":{"@id":"https:\/\/midsa.es\/#\/schema\/logo\/image\/"},"sameAs":["https:\/\/www.facebook.com\/midsaodontologiavalencia","https:\/\/www.instagram.com\/midsaodontologia\/"]}]}},"_links":{"self":[{"href":"https:\/\/midsa.es\/fr\/wp-json\/wp\/v2\/pages\/330","targetHints":{"allow":["GET"]}}],"collection":[{"href":"https:\/\/midsa.es\/fr\/wp-json\/wp\/v2\/pages"}],"about":[{"href":"https:\/\/midsa.es\/fr\/wp-json\/wp\/v2\/types\/page"}],"author":[{"embeddable":true,"href":"https:\/\/midsa.es\/fr\/wp-json\/wp\/v2\/users\/1"}],"replies":[{"embeddable":true,"href":"https:\/\/midsa.es\/fr\/wp-json\/wp\/v2\/comments?post=330"}],"version-history":[{"count":6,"href":"https:\/\/midsa.es\/fr\/wp-json\/wp\/v2\/pages\/330\/revisions"}],"predecessor-version":[{"id":677,"href":"https:\/\/midsa.es\/fr\/wp-json\/wp\/v2\/pages\/330\/revisions\/677"}],"wp:attachment":[{"href":"https:\/\/midsa.es\/fr\/wp-json\/wp\/v2\/media?parent=330"}],"curies":[{"name":"wp","href":"https:\/\/api.w.org\/{rel}","templated":true}]}}